{"id":1092,"date":"2025-08-06T21:35:22","date_gmt":"2025-08-06T21:35:22","guid":{"rendered":"https:\/\/autojuliosilva.pt\/wp\/?post_type=product&#038;p=1092"},"modified":"2025-11-01T20:49:00","modified_gmt":"2025-11-01T20:49:00","slug":"volkswagen-amarok-cinzenta","status":"publish","type":"product","link":"https:\/\/autojuliosilva.pt\/wp\/produto\/volkswagen-amarok-cinzenta\/","title":{"rendered":"Volkswagen Amarok &#8211; Cinzenta"},"content":{"rendered":"<ul>\n<li>M\u00eas\/Ano &#8211; \/2014<\/li>\n<li>Km &#8211; 90.000<\/li>\n<li>Lota\u00e7\u00e3o &#8211; 5 lugares<\/li>\n<li>Vidros el\u00e9tricos e fecho central<\/li>\n<li>Ar condicionado<\/li>\n<li>Caixa de 6 velocidades<\/li>\n<li>Jantes de alum\u00ednio<\/li>\n<li>Engate de reboque<\/li>\n<li>4X4<\/li>\n<li>Revis\u00e3o efetuada<\/li>\n<li>Contacto do vendedor &#8211; 914705028<\/li>\n<\/ul>\n","protected":false},"excerpt":{"rendered":"<p>M\u00eas\/Ano &#8211; \/2014 Km &#8211; 90.000 Lota\u00e7\u00e3o &#8211; 5 lugares Vidros el\u00e9tricos e fecho central Ar condicionado Caixa de 6 velocidades Jantes de alum\u00ednio Engate de reboque 4X4 Revis\u00e3o efetuada Contacto do vendedor &#8211; 914705028<\/p>\n","protected":false},"featured_media":1086,"template":"","meta":{"_monsterinsights_skip_tracking":false,"_monsterinsights_sitenote_active":false,"_monsterinsights_sitenote_note":"","_monsterinsights_sitenote_category":0},"product_brand":[],"product_cat":[28],"product_tag":[],"class_list":{"0":"post-1092","1":"product","2":"type-product","3":"status-publish","4":"has-post-thumbnail","6":"product_cat-volkswagen","8":"first","9":"instock","10":"shipping-taxable","11":"purchasable","12":"product-type-simple"},"_links":{"self":[{"href":"https:\/\/autojuliosilva.pt\/wp\/wp-json\/wp\/v2\/product\/1092","targetHints":{"allow":["GET"]}}],"collection":[{"href":"https:\/\/autojuliosilva.pt\/wp\/wp-json\/wp\/v2\/product"}],"about":[{"href":"https:\/\/autojuliosilva.pt\/wp\/wp-json\/wp\/v2\/types\/product"}],"wp:featuredmedia":[{"embeddable":true,"href":"https:\/\/autojuliosilva.pt\/wp\/wp-json\/wp\/v2\/media\/1086"}],"wp:attachment":[{"href":"https:\/\/autojuliosilva.pt\/wp\/wp-json\/wp\/v2\/media?parent=1092"}],"wp:term":[{"taxonomy":"product_brand","embeddable":true,"href":"https:\/\/autojuliosilva.pt\/wp\/wp-json\/wp\/v2\/product_brand?post=1092"},{"taxonomy":"product_cat","embeddable":true,"href":"https:\/\/autojuliosilva.pt\/wp\/wp-json\/wp\/v2\/product_cat?post=1092"},{"taxonomy":"product_tag","embeddable":true,"href":"https:\/\/autojuliosilva.pt\/wp\/wp-json\/wp\/v2\/product_tag?post=1092"}],"curies":[{"name":"wp","href":"https:\/\/api.w.org\/{rel}","templated":true}]}}