{"id":1114,"date":"2025-11-01T21:21:21","date_gmt":"2025-11-01T21:21:21","guid":{"rendered":"https:\/\/autojuliosilva.pt\/wp\/?post_type=product&#038;p=1114"},"modified":"2025-11-01T21:24:25","modified_gmt":"2025-11-01T21:24:25","slug":"mitsubishi-l200-1999","status":"publish","type":"product","link":"https:\/\/autojuliosilva.pt\/wp\/produto\/mitsubishi-l200-1999\/","title":{"rendered":"Mitsubishi L200 &#8211; 1999"},"content":{"rendered":"<ul>\n<li>Ano &#8211; 1999<\/li>\n<li>Km &#8211; 255.000<\/li>\n<li>Lota\u00e7\u00e3o &#8211; 5 lugares<\/li>\n<li>Vidros el\u00e9tricos e fecho central<\/li>\n<li>Caixa de 5 velocidades<\/li>\n<li>4X4<\/li>\n<li>Revis\u00e3o efetuada<\/li>\n<li>Contacto do vendedor &#8211; 914705028<\/li>\n<\/ul>\n","protected":false},"excerpt":{"rendered":"<p>Ano &#8211; 1999 Km &#8211; 255.000 Lota\u00e7\u00e3o &#8211; 5 lugares Vidros el\u00e9tricos e fecho central Caixa de 5 velocidades 4X4 Revis\u00e3o efetuada Contacto do vendedor &#8211; 914705028<\/p>\n","protected":false},"featured_media":1108,"template":"","meta":{"_monsterinsights_skip_tracking":false,"_monsterinsights_sitenote_active":false,"_monsterinsights_sitenote_note":"","_monsterinsights_sitenote_category":0},"product_brand":[],"product_cat":[19],"product_tag":[],"class_list":{"0":"post-1114","1":"product","2":"type-product","3":"status-publish","4":"has-post-thumbnail","6":"product_cat-mitsubishi","8":"first","9":"instock","10":"shipping-taxable","11":"purchasable","12":"product-type-simple"},"_links":{"self":[{"href":"https:\/\/autojuliosilva.pt\/wp\/wp-json\/wp\/v2\/product\/1114","targetHints":{"allow":["GET"]}}],"collection":[{"href":"https:\/\/autojuliosilva.pt\/wp\/wp-json\/wp\/v2\/product"}],"about":[{"href":"https:\/\/autojuliosilva.pt\/wp\/wp-json\/wp\/v2\/types\/product"}],"wp:featuredmedia":[{"embeddable":true,"href":"https:\/\/autojuliosilva.pt\/wp\/wp-json\/wp\/v2\/media\/1108"}],"wp:attachment":[{"href":"https:\/\/autojuliosilva.pt\/wp\/wp-json\/wp\/v2\/media?parent=1114"}],"wp:term":[{"taxonomy":"product_brand","embeddable":true,"href":"https:\/\/autojuliosilva.pt\/wp\/wp-json\/wp\/v2\/product_brand?post=1114"},{"taxonomy":"product_cat","embeddable":true,"href":"https:\/\/autojuliosilva.pt\/wp\/wp-json\/wp\/v2\/product_cat?post=1114"},{"taxonomy":"product_tag","embeddable":true,"href":"https:\/\/autojuliosilva.pt\/wp\/wp-json\/wp\/v2\/product_tag?post=1114"}],"curies":[{"name":"wp","href":"https:\/\/api.w.org\/{rel}","templated":true}]}}